{"id":39,"date":"2024-02-01T13:57:09","date_gmt":"2024-02-01T12:57:09","guid":{"rendered":"http:\/\/costablancacollege.com\/?page_id=39"},"modified":"2024-02-02T13:58:45","modified_gmt":"2024-02-02T12:58:45","slug":"mantenimiento","status":"publish","type":"page","link":"http:\/\/costablancacollege.com\/","title":{"rendered":"Mantenimiento"},"content":{"rendered":"<div class=\"\" style=\"\" >\n    \n    <section class=\"u-align-center u-clearfix u-container-align-center-lg u-container-align-center-xl u-white u-section-2\" id=\"carousel_845b\">\n      <div class=\"u-clearfix u-sheet u-valign-middle-xs u-sheet-1\">\n        <h2 class=\"u-align-center u-text u-text-default u-text-palette-2-base u-text-1\" data-animation-name=\"customAnimationIn\" data-animation-duration=\"1500\">COSTA BLANCA INTERNATIONAL COLLEGE<\/h2>\n        <p class=\"u-align-center u-large-text u-text u-text-variant u-text-2\" data-animation-name=\"customAnimationIn\" data-animation-duration=\"1500\" data-animation-delay=\"500\">British Education<\/p>\n        <img decoding=\"async\" class=\"u-expanded-width u-image u-image-round u-radius-20 u-image-1\" src=\"http:\/\/costablancacollege.com\/wp-content\/uploads\/2024\/01\/24974f46-7b66-12b8-3abf-c6083e0a2c1f-1.jpg\" alt=\"\" data-image-width=\"1200\" data-image-height=\"899\" data-animation-name=\"customAnimationIn\" data-animation-duration=\"1000\" data-animation-direction=\"Right\" data-animation-delay=\"500\">\n        <div class=\"u-list u-list-1\">\n          <div class=\"u-repeater u-repeater-1\">\n            <div class=\"u-align-center u-container-style u-grey-5 u-list-item u-radius-20 u-repeater-item u-shape-round u-list-item-1\" data-animation-name=\"fadeIn\" data-animation-duration=\"1500\" data-animation-direction=\"Right\" data-animation-delay=\"500\">\n              <div class=\"u-container-layout u-similar-container u-valign-middle u-container-layout-1\">\n                <h3 class=\"u-custom-font u-font-montserrat u-text u-text-default u-text-palette-1-base u-text-3\" data-animation-name=\"counter\" data-animation-event=\"scroll\" data-animation-duration=\"3000\">2<\/h3>\n              <\/div>\n            <\/div>\n            <div class=\"u-align-center u-container-style u-grey-5 u-list-item u-radius-20 u-repeater-item u-shape-round u-list-item-2\" data-animation-name=\"fadeIn\" data-animation-duration=\"1500\" data-animation-direction=\"Right\" data-animation-delay=\"500\">\n              <div class=\"u-container-layout u-similar-container u-valign-middle u-container-layout-2\">\n                <h3 class=\"u-custom-font u-font-montserrat u-text u-text-default u-text-palette-1-base u-text-4\" data-animation-name=\"counter\" data-animation-event=\"scroll\" data-animation-duration=\"3000\">0<\/h3>\n              <\/div>\n            <\/div>\n            <div class=\"u-align-center u-container-style u-grey-5 u-list-item u-radius-20 u-repeater-item u-shape-round u-list-item-3\" data-animation-name=\"fadeIn\" data-animation-duration=\"1500\" data-animation-direction=\"Right\" data-animation-delay=\"500\">\n              <div class=\"u-container-layout u-similar-container u-valign-middle u-container-layout-3\">\n                <h3 class=\"u-custom-font u-font-montserrat u-text u-text-default u-text-palette-1-base u-text-5\" data-animation-name=\"counter\" data-animation-event=\"scroll\" data-animation-duration=\"3000\">2<\/h3>\n              <\/div>\n            <\/div>\n            <div class=\"u-align-center u-container-style u-grey-5 u-list-item u-radius-20 u-repeater-item u-shape-round u-list-item-4\" data-animation-name=\"fadeIn\" data-animation-duration=\"1500\" data-animation-direction=\"Right\" data-animation-delay=\"500\">\n              <div class=\"u-container-layout u-similar-container u-valign-middle u-container-layout-4\">\n                <h3 class=\"u-custom-font u-font-montserrat u-text u-text-default u-text-palette-1-base u-text-6\" data-animation-name=\"counter\" data-animation-event=\"scroll\" data-animation-duration=\"3000\">4<\/h3>\n              <\/div>\n            <\/div>\n          <\/div>\n        <\/div>\n        <p class=\"u-align-center u-custom-font u-font-montserrat u-text u-text-default u-text-7\">I<span style=\"font-size: 0.625rem;\">mages from <a href=\"https:\/\/freepik.com\/photos\/business\" class=\"u-active-none u-border-1 u-border-active-palette-4-dark-1 u-border-grey-75 u-border-hover-palette-4-dark-1 u-border-no-left u-border-no-right u-border-no-top u-bottom-left-radius-0 u-bottom-right-radius-0 u-btn u-button-link u-button-style u-hover-none u-none u-radius-0 u-text-body-color u-top-left-radius-0 u-top-right-radius-0 u-btn-1\">Freepik<\/a>\n          <\/span>\n        <\/p>\n      <\/div>\n    <\/section>\n    <section class=\"u-clearfix u-section-3\" id=\"carousel_5576\">\n      <div class=\"u-clearfix u-sheet u-valign-middle u-sheet-1\">\n        <div class=\"custom-expanded u-shape u-shape-svg u-text-palette-3-base u-shape-1\">\n          <svg class=\"u-svg-link\" preserveAspectRatio=\"none\" viewBox=\"0 0 160 150\" style=\"\"><use xlink:href=\"#svg-1073\"><\/use><\/svg>\n          <svg xmlns=\"http:\/\/www.w3.org\/2000\/svg\" xmlns:xlink=\"http:\/\/www.w3.org\/1999\/xlink\" version=\"1.1\" xml:space=\"preserve\" class=\"u-svg-content\" viewBox=\"0 0 160 150\" x=\"0px\" y=\"0px\" id=\"svg-1073\"><path d=\"M43.2,126.9c14.2,1.3,27.6,7,39.1,15.6c8.3,6.1,19.4,10.3,32.7,5.3c11.7-4.4,18.6-17.4,21-30.2c2.6-13.3,8.1-25.9,15.7-37.1\n\tc8.3-12.1,10.8-27.9,5.3-42.7C150.5,20.3,134.6,9,117,7.6C107.9,6.9,98.8,5,90.1,1.9C83-0.6,75-0.7,67.4,2.1\n\tc-9.9,3.7-17,11.6-20.1,21c-3.3,10.1-10.9,18-20.6,22.2c-0.1,0-0.1,0.1-0.2,0.1c-20.3,8.9-31,32-24.6,53.2\n\tC6.9,115.6,25.2,125.2,43.2,126.9z\"><\/path><\/svg>\n        <\/div>\n        <div class=\"u-align-left u-image u-image-circle u-image-1\" data-image-width=\"1241\" data-image-height=\"1080\" style=\"background-image: url(&quot;http:\/\/costablancacollege.com\/wp-content\/uploads\/2024\/02\/f.jpg&quot;);\"><\/div>\n        <div class=\"u-palette-3-light-2 u-shape u-shape-circle u-shape-2\"><\/div>\n        <div class=\"custom-expanded u-align-left u-container-style u-group u-radius-30 u-shape-round u-white u-group-1\">\n          <div class=\"u-container-layout u-valign-top u-container-layout-1\">\n            <h2 class=\"u-custom-font u-font-pt-sans u-text u-text-1\"> Perdone las molestias.<br>P\u00e1gina en mantenimiento.\n            <\/h2>\n          <\/div>\n        <\/div>\n        <p class=\"u-text u-text-2\">Image from <a href=\"https:\/\/www.freepik.com\/photos\/woman\" class=\"u-active-none u-border-1 u-border-active-palette-2-base u-border-black u-border-hover-palette-2-base u-border-no-left u-border-no-right u-border-no-top u-btn u-button-link u-button-style u-hover-none u-none u-text-body-color u-btn-1\">Freepik<\/a>\n        <\/p>\n      <\/div>\n    <\/section>\n    <section class=\"u-clearfix u-container-align-center u-section-4\" id=\"carousel_eb6d\">\n      <div class=\"u-clearfix u-sheet u-sheet-1\">\n        <div class=\"data-layout-selected u-clearfix u-expanded-width u-layout-wrap u-layout-wrap-1\">\n          <div class=\"u-layout\">\n            <div class=\"u-layout-row\">\n              <div class=\"u-container-style u-layout-cell u-size-60 u-layout-cell-1\" data-animation-name=\"customAnimationIn\" data-animation-duration=\"1500\" data-animation-delay=\"500\" data-animation-direction=\"\">\n                <div class=\"u-container-layout u-container-layout-1\"><span class=\"u-align-center u-file-icon u-icon u-icon-1\"><img decoding=\"async\" src=\"http:\/\/costablancacollege.com\/wp-content\/uploads\/2024\/02\/3687004-1.png\" alt=\"\"><\/span>\n                  <h4 class=\"u-align-center u-text u-text-1\"> Tel\u00e9fono<\/h4>\n                  <p class=\"u-align-center u-text u-text-default-lg u-text-default-md u-text-default-xl u-text-2\"> Contacta con nosotros para m\u00e1s informaci\u00f3n.<br>Ll\u00e1manos y te atenderemos encantados.<br>\n                  <\/p>\n                  <a href=\"tel:+12-345-678-89089\" class=\"u-active-palette-1-dark-2 u-align-center u-border-active-palette-2-light-2 u-border-hover-palette-2-light-2 u-border-none u-btn u-btn-round u-button-style u-color-scheme-summer-time u-color-style-multicolor-1 u-custom u-hover-palette-1-dark-2 u-palette-1-base u-radius-19 u-text-active-white u-text-hover-white u-btn-1\" data-animation-name=\"\" data-animation-duration=\"0\" data-animation-delay=\"0\" data-animation-direction=\"\">96 680 34 11<\/a>\n                <\/div>\n              <\/div>\n            <\/div>\n          <\/div>\n        <\/div>\n      <\/div>\n    <\/section>\n    \n    \n    \n  \n<\/div>","protected":false},"excerpt":{"rendered":"<p>COSTA BLANCA INTERNATIONAL COLLEGE British Education 2 0 2 4 Images from Freepik Perdone las molestias.P\u00e1gina en mantenimiento. Image from Freepik Tel\u00e9fono Contacta con nosotros para m\u00e1s informaci\u00f3n.Ll\u00e1manos y te atenderemos encantados. 96 680 34 11<\/p>\n","protected":false},"author":1,"featured_media":0,"parent":0,"menu_order":0,"comment_status":"closed","ping_status":"closed","template":"","meta":{"footnotes":""},"_links":{"self":[{"href":"http:\/\/costablancacollege.com\/index.php\/wp-json\/wp\/v2\/pages\/39"}],"collection":[{"href":"http:\/\/costablancacollege.com\/index.php\/wp-json\/wp\/v2\/pages"}],"about":[{"href":"http:\/\/costablancacollege.com\/index.php\/wp-json\/wp\/v2\/types\/page"}],"author":[{"embeddable":true,"href":"http:\/\/costablancacollege.com\/index.php\/wp-json\/wp\/v2\/users\/1"}],"replies":[{"embeddable":true,"href":"http:\/\/costablancacollege.com\/index.php\/wp-json\/wp\/v2\/comments?post=39"}],"version-history":[{"count":8,"href":"http:\/\/costablancacollege.com\/index.php\/wp-json\/wp\/v2\/pages\/39\/revisions"}],"predecessor-version":[{"id":71,"href":"http:\/\/costablancacollege.com\/index.php\/wp-json\/wp\/v2\/pages\/39\/revisions\/71"}],"wp:attachment":[{"href":"http:\/\/costablancacollege.com\/index.php\/wp-json\/wp\/v2\/media?parent=39"}],"curies":[{"name":"wp","href":"https:\/\/api.w.org\/{rel}","templated":true}]}}